{"id":4545,"date":"2024-09-18T17:03:17","date_gmt":"2024-09-18T15:03:17","guid":{"rendered":"https:\/\/institutdelafinancedurable.com\/banks-climate\/"},"modified":"2025-07-30T20:47:14","modified_gmt":"2025-07-30T18:47:14","slug":"climate","status":"publish","type":"page","link":"https:\/\/institutdelafinancedurable.com\/en\/banks\/climate\/","title":{"rendered":"Banks &#8211; Climate"},"content":{"rendered":"<!-- START OF : Composant : block-periscope-theme-section-composant-32-barre-de-selection.php -->\n\n<div class=\"barre-selection bg-observatoire py-3\" data-component=\"32-barre-de-selection\">\n\t<div class=\"container\">\n\t\t<div class=\"row\">\n\t\t\t\t\t\t<div class=\"col-lg-6 mb-3 mb-lg-0\">\n\t\t\t\t<div class=\"form-group\">\n\t\t\t\t\t<label for=\"sector\" class=\"form-label\">Sector<\/label>\n\t\t\t\t\t<select class=\"form-select bg-white border-0\" id=\"sector\" aria-label=\"Select a sector\">\n\t\t\t\t\t\t<option value=\"banks\" >Banks<\/option>\n\t\t\t\t\t\t<option value=\"asset-managers\" >Asset managers<\/option>\n\t\t\t\t\t\t<option value=\"insurers\" >Insurers<\/option>\n\t\t\t\t\t\t<option value=\"private-equity\" >Private equity<\/option>\n\t\t\t\t\t\t<option value=\"specialized-financing-institutions\" >Specialized financing institutions<\/option>\n\t\t\t\t\t<\/select>\n\t\t\t\t<\/div>\n\t\t\t<\/div>\n\t\t\t\t\t\t<div class=\"col-lg-6\">\n\t\t\t\t<div class=\"form-group\">\n\t\t\t\t\t<label for=\"theme\" class=\"form-label\">Theme<\/label>\n\t\t\t\t\t<select class=\"form-select bg-white border-0\" id=\"theme\" aria-label=\"Select a theme\">\n\t\t\t\t\t\t<option value=\"fossil-fuels\" >Fossil fuels<\/option>\n\t\t\t\t\t\t<option value=\"climate\" >Climate<\/option>\n\t\t\t\t\t\t<option value=\"esg\" >ESG<\/option>\n\t\t\t\t\t<\/select>\n\t\t\t\t<\/div>\n\t\t\t<\/div>\n\t\t\t\t\t<\/div>\n\t<\/div>\n<\/div>\n<script>\njQuery(document).ready(function() {\n\t\/\/ Stocker les options originales du s\u00e9lecteur \"Th\u00e8me\"\n\tvar $themeSelect = jQuery('#theme');\n\tvar originalThemeOptions = $themeSelect.html();\n\n\t\/\/ G\u00e9rer le changement du s\u00e9lecteur \"Secteur\"\n\tjQuery('#sector').on('change', function() {\n\t\tvar selectedSector = jQuery(this).val();\n\n\t\tif ( $selected_sector == $available_sectors[3] || $selected_sector == $available_sectors[4] ) {\n\t\t\t\/\/ Ne garder que \"Climat\" dans le s\u00e9lecteur \"Th\u00e8me\"\n\t\t\t$themeSelect.html('');\n\t\t\t$themeSelect.append('<option value=\"climat\">Climate<\/option>');\n\t\t} else {\n\t\t\t\/\/ Restaurer les options originales\n\t\t\t$themeSelect.html(originalThemeOptions);\n\t\t}\n\t});\n\n\t\/\/ D\u00e9clencher l'\u00e9v\u00e9nement \"change\" au chargement de la page pour mettre \u00e0 jour le s\u00e9lecteur \"Th\u00e8me\"\n\tjQuery('#sector').trigger('change');\n});\n<\/script>\n\n<!-- END OF : Composant : block-periscope-theme-section-composant-32-barre-de-selection.php -->\n\n\n<div class=\"espace pb-4 pb-lg-9\"><\/div>\n\n<div class=\"container-fluid\">\n\t<div class=\"row\">\n\t\t<div class=\"col-lg-10 offset-lg-1\">\n\t\t\t<h2><em>Climate Policy<\/em><\/h2>\n\t\t<\/div>\n\t<\/div>\n<\/div>\n\n\n<div class=\"espace pb-4 pb-lg-9\"><\/div>\n\n\n<!-- START OF : Composant : block-periscope-theme-section-composant-34-section-graphs.php -->\n<section class=\"section-graphs\" data-component=\"34-section-graphs\">\n\t<div class=\"container-fluid\">\n\t\t<div class=\"row\">\n\t\t\t<div class=\"col-lg-10 offset-lg-1\">\n\t\t\t\t\t\t\t\t\t<h2>Objective<\/h2>\n\t\t\t\t\t\t\t\t\t\t\t\t\t<h3>Participation in Net Zero alliances<\/h3>\n\t\t\t\t\t\t\t\t\t\t\t\t\t<p>The &#8216;Net Zero Banking Alliance&#8217; is a program launched in September 2020 as part of the United Nations Environment Programme Finance Initiative (UNEP-FI). By joining the alliance, signatory banks commit to aligning their financing with net zero emissions targets by 2050.<\/p>\n\t\t\t\t\t\t\t\t\n\t\t\t\t<div class=\"graph-wrapper mb-3\">\n\t\t\t\t\t\t\t\t\t\t<div id=\"canvasContainer859f3e\" class=\"dataviz-half-block\">\n\t\t\t\t\t\t<canvas id=\"graph-859f3e\" style=\"display: block; box-sizing: border-box; height: 600px;\" role=\"img\"><\/canvas>\n\t\t\t\t\t<\/div>\n\t\t\t\t\t<script\n\t\t\t\t\t\tsrc=\"https:\/\/cdnjs.cloudflare.com\/ajax\/libs\/google-palette\/1.1.0\/palette.min.js\"\n\t\t\t\t\t\tintegrity=\"sha512-+rKeqfKuzCrzOolK5cPvYqzEHJTEPWG1MTvH02P+MYgmw7uMyNiewzvzlPj0wOgPd10jdNAtkf8tL1aQt7RsxQ==\"\n\t\t\t\t\t\tcrossorigin=\"anonymous\"\n\t\t\t\t\t\treferrerpolicy=\"no-referrer\"\n\t\t\t\t\t><\/script>\n\n\t\t\t\t\t<script>\n\n\t\t\t\t\tlet chart859f3e = document.getElementById(\"graph-859f3e\");\n\t\t\t\t\t\t\n\t\t\t\t\t\t\n\n\t\t\t\t\t\t\n\n\t\t\t\t\t\t \n\t\t\t\t\t\t\tvar cacheUniteGauche = false;\n\t\t\t\t\t\t\tvar cacheUniteDroite = false;\n\t\t\t\t\t\t\tgenerateMultiGraph(\n\t\t\t\t\t\t\t\tchart859f3e,\n\t\t\t\t\t\t\t\t\"(1) NZBA\",\n\t\t\t\t\t\t\t\t\"https:\/\/docs.google.com\/spreadsheets\/d\/1oxtVwZ8iszvoGOWxBgFoUZhj4bxP60d7xNkwp5S7Y8s\/edit?gid=1494014261#gid=1494014261\",\n\t\t\t\t\t\t\t\t\"complexBar\",\n\t\t\t\t\t\t\t\t\"\",\n\t\t\t\t\t\t\t\t\"\",\n\t\t\t\t\t\t\t\t\"\",\n\t\t\t\t\t\t\t\t{\n\t\t\t\t\t\t\t\t\thideLeftUnit: false,\n\t\t\t\t\t\t\t\t\thideRightUnit: false\t\t\t\t\t\t\t\t}\n\t\t\t\t\t\t\t);\n\t\t\t\t\t\t\t\t\t\t\t<\/script>\n\n\t\t\t\t<\/div>\n\t\t\t\t<div class=\"graph-source mb-3\">\n\t\t\t\t\t<a href=\"https:\/\/docs.google.com\/spreadsheets\/d\/1oxtVwZ8iszvoGOWxBgFoUZhj4bxP60d7xNkwp5S7Y8s\/edit?gid=1494014261#gid=1494014261\" class=\"align-items-center d-flex gap-1 link-primary\" target=\"_blank\">\n\t\t\t\t\t\t<span>Source<\/span>\n\t\t\t\t\t\t<svg xmlns=\"http:\/\/www.w3.org\/2000\/svg\" width=\"18\" height=\"18\" viewBox=\"0 0 18 18\" fill=\"none\">\n\t\t\t\t\t\t\t<g clip-path=\"url(#clip0_2136_82)\">\n\t\t\t\t\t\t\t\t<path d=\"M6.625 2H2.875C1.83438 2 1 2.83438 1 3.875V15.125C1 16.1563 1.84375 17 2.875 17H14.125C15.1563 17 16 16.1563 16 15.125V11.375\" stroke=\"#02305D\" stroke-width=\"1.5\" stroke-linecap=\"round\" stroke-linejoin=\"round\"\/>\n\t\t\t\t\t\t\t\t<path d=\"M10 1H15C16.1 1 17 1.77143 17 2.71429V7\" stroke=\"#02305D\" stroke-width=\"1.5\" stroke-linecap=\"round\" stroke-linejoin=\"round\"\/>\n\t\t\t\t\t\t\t\t<path d=\"M16 2L8 9\" stroke=\"#02305D\" stroke-width=\"1.5\" stroke-linecap=\"round\" stroke-linejoin=\"round\"\/>\n\t\t\t\t\t\t\t<\/g>\n\t\t\t\t\t\t\t<defs>\n\t\t\t\t\t\t\t\t<clipPath id=\"clip0_2136_82\">\n\t\t\t\t\t\t\t\t<rect width=\"17.75\" height=\"17.75\" fill=\"white\"\/>\n\t\t\t\t\t\t\t\t<\/clipPath>\n\t\t\t\t\t\t\t<\/defs>\n\t\t\t\t\t\t<\/svg>\n\t\t\t\t\t<\/a>\n\t\t\t\t<\/div>\n\t\t\t\t\t\t\t<\/div>\n\t\t<\/div>\n\t<\/div>\n<\/section>\n<!-- END OF : Composant : block-periscope-theme-section-composant-34-section-graphs.php -->\n\n\n<div class=\"espace pb-4 pb-lg-9\"><\/div>\n\n<div class=\"container-fluid\">\n\t<div class=\"row\">\n\t\t<div class=\"col-lg-10 offset-lg-1\">\n\t\t\t<h2><em>Climate financing<\/em><\/h2>\n\t\t<\/div>\n\t<\/div>\n<\/div>\n\n\n<div class=\"espace pb-4 pb-lg-9\"><\/div>\n\n\n<!-- START OF : Composant : block-periscope-theme-section-composant-34-section-graphs.php -->\n<section class=\"section-graphs\" data-component=\"34-section-graphs\">\n\t<div class=\"container-fluid\">\n\t\t<div class=\"row\">\n\t\t\t<div class=\"col-lg-10 offset-lg-1\">\n\t\t\t\t\t\t\t\t\t\t\t\t\t<h3>Exposure by sector<\/h3>\n\t\t\t\t\t\t\t\t\t\t\t\t\t<p>Sector exposure is used to determine how many investments\/financings are present in a financial institution&#8217;s inventory, based on the sector of activity of the issuer financed.<\/p>\n\t\t\t\t\t\t\t\t\n\t\t\t\t<div class=\"graph-wrapper mb-3\">\n\t\t\t\t\t\t\t\t\t\t<div id=\"canvasContainer15b1d1\" class=\"dataviz-half-block\">\n\t\t\t\t\t\t<canvas id=\"graph-15b1d1\" style=\"display: block; box-sizing: border-box; height: 600px;\" role=\"img\"><\/canvas>\n\t\t\t\t\t<\/div>\n\t\t\t\t\t<script\n\t\t\t\t\t\tsrc=\"https:\/\/cdnjs.cloudflare.com\/ajax\/libs\/google-palette\/1.1.0\/palette.min.js\"\n\t\t\t\t\t\tintegrity=\"sha512-+rKeqfKuzCrzOolK5cPvYqzEHJTEPWG1MTvH02P+MYgmw7uMyNiewzvzlPj0wOgPd10jdNAtkf8tL1aQt7RsxQ==\"\n\t\t\t\t\t\tcrossorigin=\"anonymous\"\n\t\t\t\t\t\treferrerpolicy=\"no-referrer\"\n\t\t\t\t\t><\/script>\n\n\t\t\t\t\t<script>\n\n\t\t\t\t\tlet chart15b1d1 = document.getElementById(\"graph-15b1d1\");\n\t\t\t\t\t\t\n\t\t\t\t\t\t\n\n\t\t\t\t\t\t\n\n\t\t\t\t\t\t \n\t\t\t\t\t\t\tvar cacheUniteGauche = false;\n\t\t\t\t\t\t\tvar cacheUniteDroite = false;\n\t\t\t\t\t\t\tgenerateMultiGraph(\n\t\t\t\t\t\t\t\tchart15b1d1,\n\t\t\t\t\t\t\t\t\"(2) Expositionsecteurs\",\n\t\t\t\t\t\t\t\t\"https:\/\/docs.google.com\/spreadsheets\/d\/1oxtVwZ8iszvoGOWxBgFoUZhj4bxP60d7xNkwp5S7Y8s\/edit?gid=469821784#gid=469821784\",\n\t\t\t\t\t\t\t\t\"complexBar\",\n\t\t\t\t\t\t\t\t\"\",\n\t\t\t\t\t\t\t\t\"\",\n\t\t\t\t\t\t\t\t\"\",\n\t\t\t\t\t\t\t\t{\n\t\t\t\t\t\t\t\t\thideLeftUnit: false,\n\t\t\t\t\t\t\t\t\thideRightUnit: false\t\t\t\t\t\t\t\t}\n\t\t\t\t\t\t\t);\n\t\t\t\t\t\t\t\t\t\t\t<\/script>\n\n\t\t\t\t<\/div>\n\t\t\t\t<div class=\"graph-source mb-3\">\n\t\t\t\t\t<a href=\"https:\/\/docs.google.com\/spreadsheets\/d\/1oxtVwZ8iszvoGOWxBgFoUZhj4bxP60d7xNkwp5S7Y8s\/edit?gid=469821784#gid=469821784\" class=\"align-items-center d-flex gap-1 link-primary\" target=\"_blank\">\n\t\t\t\t\t\t<span>Source<\/span>\n\t\t\t\t\t\t<svg xmlns=\"http:\/\/www.w3.org\/2000\/svg\" width=\"18\" height=\"18\" viewBox=\"0 0 18 18\" fill=\"none\">\n\t\t\t\t\t\t\t<g clip-path=\"url(#clip0_2136_82)\">\n\t\t\t\t\t\t\t\t<path d=\"M6.625 2H2.875C1.83438 2 1 2.83438 1 3.875V15.125C1 16.1563 1.84375 17 2.875 17H14.125C15.1563 17 16 16.1563 16 15.125V11.375\" stroke=\"#02305D\" stroke-width=\"1.5\" stroke-linecap=\"round\" stroke-linejoin=\"round\"\/>\n\t\t\t\t\t\t\t\t<path d=\"M10 1H15C16.1 1 17 1.77143 17 2.71429V7\" stroke=\"#02305D\" stroke-width=\"1.5\" stroke-linecap=\"round\" stroke-linejoin=\"round\"\/>\n\t\t\t\t\t\t\t\t<path d=\"M16 2L8 9\" stroke=\"#02305D\" stroke-width=\"1.5\" stroke-linecap=\"round\" stroke-linejoin=\"round\"\/>\n\t\t\t\t\t\t\t<\/g>\n\t\t\t\t\t\t\t<defs>\n\t\t\t\t\t\t\t\t<clipPath id=\"clip0_2136_82\">\n\t\t\t\t\t\t\t\t<rect width=\"17.75\" height=\"17.75\" fill=\"white\"\/>\n\t\t\t\t\t\t\t\t<\/clipPath>\n\t\t\t\t\t\t\t<\/defs>\n\t\t\t\t\t\t<\/svg>\n\t\t\t\t\t<\/a>\n\t\t\t\t<\/div>\n\t\t\t\t\t\t\t<\/div>\n\t\t<\/div>\n\t<\/div>\n<\/section>\n<!-- END OF : Composant : block-periscope-theme-section-composant-34-section-graphs.php -->\n\n\n<div class=\"espace pb-4 pb-lg-9\"><\/div>\n\n\n<!-- START OF : Composant : block-periscope-theme-section-composant-34-section-graphs.php -->\n<section class=\"section-graphs\" data-component=\"34-section-graphs\">\n\t<div class=\"container-fluid\">\n\t\t<div class=\"row\">\n\t\t\t<div class=\"col-lg-10 offset-lg-1\">\n\t\t\t\t\t\t\t\t\t\t\t\t\t<h3>Green and sustainable credit<\/h3>\n\t\t\t\t\t\t\t\t\t\t\t\t\t<p>The development of so-called &#8216;green&#8217; financial products has made it possible to devote a portion of financing to the transition to a low-carbon economy. Investors, professionals and private individuals can now take out green loans and credits to finance this type of project.<\/p>\n\t\t\t\t\t\t\t\t\n\t\t\t\t<div class=\"graph-wrapper mb-3\">\n\t\t\t\t\t\t\t\t\t\t<div id=\"canvasContainer2825b8\" class=\"dataviz-half-block\">\n\t\t\t\t\t\t<canvas id=\"graph-2825b8\" style=\"display: block; box-sizing: border-box; height: 600px;\" role=\"img\"><\/canvas>\n\t\t\t\t\t<\/div>\n\t\t\t\t\t<script\n\t\t\t\t\t\tsrc=\"https:\/\/cdnjs.cloudflare.com\/ajax\/libs\/google-palette\/1.1.0\/palette.min.js\"\n\t\t\t\t\t\tintegrity=\"sha512-+rKeqfKuzCrzOolK5cPvYqzEHJTEPWG1MTvH02P+MYgmw7uMyNiewzvzlPj0wOgPd10jdNAtkf8tL1aQt7RsxQ==\"\n\t\t\t\t\t\tcrossorigin=\"anonymous\"\n\t\t\t\t\t\treferrerpolicy=\"no-referrer\"\n\t\t\t\t\t><\/script>\n\n\t\t\t\t\t<script>\n\n\t\t\t\t\tlet chart2825b8 = document.getElementById(\"graph-2825b8\");\n\t\t\t\t\t\t\n\t\t\t\t\t\t\n\n\t\t\t\t\t\t\n\n\t\t\t\t\t\t \n\t\t\t\t\t\t\tvar cacheUniteGauche = false;\n\t\t\t\t\t\t\tvar cacheUniteDroite = false;\n\t\t\t\t\t\t\tgenerateMultiGraph(\n\t\t\t\t\t\t\t\tchart2825b8,\n\t\t\t\t\t\t\t\t\"(3) Cr\u00e9dits et pr\u00eats\",\n\t\t\t\t\t\t\t\t\"https:\/\/docs.google.com\/spreadsheets\/d\/1oxtVwZ8iszvoGOWxBgFoUZhj4bxP60d7xNkwp5S7Y8s\/edit?gid=1809857854#gid=1809857854\",\n\t\t\t\t\t\t\t\t\"complexBar\",\n\t\t\t\t\t\t\t\t\"\",\n\t\t\t\t\t\t\t\t\"\",\n\t\t\t\t\t\t\t\t\"\",\n\t\t\t\t\t\t\t\t{\n\t\t\t\t\t\t\t\t\thideLeftUnit: false,\n\t\t\t\t\t\t\t\t\thideRightUnit: false\t\t\t\t\t\t\t\t}\n\t\t\t\t\t\t\t);\n\t\t\t\t\t\t\t\t\t\t\t<\/script>\n\n\t\t\t\t<\/div>\n\t\t\t\t<div class=\"graph-source mb-3\">\n\t\t\t\t\t<a href=\"https:\/\/docs.google.com\/spreadsheets\/d\/1oxtVwZ8iszvoGOWxBgFoUZhj4bxP60d7xNkwp5S7Y8s\/edit?gid=1809857854#gid=1809857854\" class=\"align-items-center d-flex gap-1 link-primary\" target=\"_blank\">\n\t\t\t\t\t\t<span>Source<\/span>\n\t\t\t\t\t\t<svg xmlns=\"http:\/\/www.w3.org\/2000\/svg\" width=\"18\" height=\"18\" viewBox=\"0 0 18 18\" fill=\"none\">\n\t\t\t\t\t\t\t<g clip-path=\"url(#clip0_2136_82)\">\n\t\t\t\t\t\t\t\t<path d=\"M6.625 2H2.875C1.83438 2 1 2.83438 1 3.875V15.125C1 16.1563 1.84375 17 2.875 17H14.125C15.1563 17 16 16.1563 16 15.125V11.375\" stroke=\"#02305D\" stroke-width=\"1.5\" stroke-linecap=\"round\" stroke-linejoin=\"round\"\/>\n\t\t\t\t\t\t\t\t<path d=\"M10 1H15C16.1 1 17 1.77143 17 2.71429V7\" stroke=\"#02305D\" stroke-width=\"1.5\" stroke-linecap=\"round\" stroke-linejoin=\"round\"\/>\n\t\t\t\t\t\t\t\t<path d=\"M16 2L8 9\" stroke=\"#02305D\" stroke-width=\"1.5\" stroke-linecap=\"round\" stroke-linejoin=\"round\"\/>\n\t\t\t\t\t\t\t<\/g>\n\t\t\t\t\t\t\t<defs>\n\t\t\t\t\t\t\t\t<clipPath id=\"clip0_2136_82\">\n\t\t\t\t\t\t\t\t<rect width=\"17.75\" height=\"17.75\" fill=\"white\"\/>\n\t\t\t\t\t\t\t\t<\/clipPath>\n\t\t\t\t\t\t\t<\/defs>\n\t\t\t\t\t\t<\/svg>\n\t\t\t\t\t<\/a>\n\t\t\t\t<\/div>\n\t\t\t\t\t\t\t<\/div>\n\t\t<\/div>\n\t<\/div>\n<\/section>\n<!-- END OF : Composant : block-periscope-theme-section-composant-34-section-graphs.php -->\n","protected":false},"excerpt":{"rendered":"","protected":false},"author":1,"featured_media":0,"parent":4543,"menu_order":0,"comment_status":"closed","ping_status":"closed","template":"","meta":{"_acf_changed":false,"footnotes":""},"class_list":["post-4545","page","type-page","status-publish","hentry"],"acf":[],"yoast_head":"<!-- This site is optimized with the Yoast SEO plugin v23.9 - https:\/\/yoast.com\/wordpress\/plugins\/seo\/ -->\n<title>Banks - Climate - Institut de la finance durable<\/title>\n<meta name=\"robots\" content=\"index, follow, max-snippet:-1, max-image-preview:large, max-video-preview:-1\" \/>\n<link rel=\"canonical\" href=\"https:\/\/institutdelafinancedurable.com\/en\/wp-json\/wp\/v2\/pages\/4545\/\" \/>\n<meta property=\"og:locale\" content=\"en_US\" \/>\n<meta property=\"og:type\" content=\"article\" \/>\n<meta property=\"og:title\" content=\"Banks - Climate - Institut de la finance durable\" \/>\n<meta property=\"og:url\" content=\"https:\/\/institutdelafinancedurable.com\/en\/banks\/climate\/\" \/>\n<meta property=\"og:site_name\" content=\"Institut de la finance durable\" \/>\n<meta property=\"article:modified_time\" content=\"2025-07-30T18:47:14+00:00\" \/>\n<meta name=\"twitter:card\" content=\"summary_large_image\" \/>\n<script type=\"application\/ld+json\" class=\"yoast-schema-graph\">{\"@context\":\"https:\/\/schema.org\",\"@graph\":[{\"@type\":\"WebPage\",\"@id\":\"https:\/\/institutdelafinancedurable.com\/en\/banks\/climate\/\",\"url\":\"https:\/\/institutdelafinancedurable.com\/en\/banks\/climate\/\",\"name\":\"Banks - Climate - Institut de la finance durable\",\"isPartOf\":{\"@id\":\"https:\/\/institutdelafinancedurable.com\/en\/#website\"},\"datePublished\":\"2024-09-18T15:03:17+00:00\",\"dateModified\":\"2025-07-30T18:47:14+00:00\",\"breadcrumb\":{\"@id\":\"https:\/\/institutdelafinancedurable.com\/en\/banks\/climate\/#breadcrumb\"},\"inLanguage\":\"en-US\",\"potentialAction\":[{\"@type\":\"ReadAction\",\"target\":[\"https:\/\/institutdelafinancedurable.com\/en\/banks\/climate\/\"]}]},{\"@type\":\"BreadcrumbList\",\"@id\":\"https:\/\/institutdelafinancedurable.com\/en\/banks\/climate\/#breadcrumb\",\"itemListElement\":[{\"@type\":\"ListItem\",\"position\":1,\"name\":\"Accueil\",\"item\":\"https:\/\/institutdelafinancedurable.fr\/en\/\"},{\"@type\":\"ListItem\",\"position\":2,\"name\":\"Banks\",\"item\":\"https:\/\/financefortomorrow.com\/en\/banks\/\"},{\"@type\":\"ListItem\",\"position\":3,\"name\":\"Banks &#8211; Climate\"}]},{\"@type\":\"WebSite\",\"@id\":\"https:\/\/institutdelafinancedurable.com\/en\/#website\",\"url\":\"https:\/\/institutdelafinancedurable.com\/en\/\",\"name\":\"Institut de la finance durable\",\"description\":\"\",\"potentialAction\":[{\"@type\":\"SearchAction\",\"target\":{\"@type\":\"EntryPoint\",\"urlTemplate\":\"https:\/\/institutdelafinancedurable.com\/en\/?s={search_term_string}\"},\"query-input\":{\"@type\":\"PropertyValueSpecification\",\"valueRequired\":true,\"valueName\":\"search_term_string\"}}],\"inLanguage\":\"en-US\"}]}<\/script>\n<!-- \/ Yoast SEO plugin. -->","yoast_head_json":{"title":"Banks - Climate - Institut de la finance durable","robots":{"index":"index","follow":"follow","max-snippet":"max-snippet:-1","max-image-preview":"max-image-preview:large","max-video-preview":"max-video-preview:-1"},"canonical":"https:\/\/institutdelafinancedurable.com\/en\/wp-json\/wp\/v2\/pages\/4545\/","og_locale":"en_US","og_type":"article","og_title":"Banks - Climate - Institut de la finance durable","og_url":"https:\/\/institutdelafinancedurable.com\/en\/banks\/climate\/","og_site_name":"Institut de la finance durable","article_modified_time":"2025-07-30T18:47:14+00:00","twitter_card":"summary_large_image","schema":{"@context":"https:\/\/schema.org","@graph":[{"@type":"WebPage","@id":"https:\/\/institutdelafinancedurable.com\/en\/banks\/climate\/","url":"https:\/\/institutdelafinancedurable.com\/en\/banks\/climate\/","name":"Banks - Climate - Institut de la finance durable","isPartOf":{"@id":"https:\/\/institutdelafinancedurable.com\/en\/#website"},"datePublished":"2024-09-18T15:03:17+00:00","dateModified":"2025-07-30T18:47:14+00:00","breadcrumb":{"@id":"https:\/\/institutdelafinancedurable.com\/en\/banks\/climate\/#breadcrumb"},"inLanguage":"en-US","potentialAction":[{"@type":"ReadAction","target":["https:\/\/institutdelafinancedurable.com\/en\/banks\/climate\/"]}]},{"@type":"BreadcrumbList","@id":"https:\/\/institutdelafinancedurable.com\/en\/banks\/climate\/#breadcrumb","itemListElement":[{"@type":"ListItem","position":1,"name":"Accueil","item":"https:\/\/institutdelafinancedurable.fr\/en\/"},{"@type":"ListItem","position":2,"name":"Banks","item":"https:\/\/financefortomorrow.com\/en\/banks\/"},{"@type":"ListItem","position":3,"name":"Banks &#8211; Climate"}]},{"@type":"WebSite","@id":"https:\/\/institutdelafinancedurable.com\/en\/#website","url":"https:\/\/institutdelafinancedurable.com\/en\/","name":"Institut de la finance durable","description":"","potentialAction":[{"@type":"SearchAction","target":{"@type":"EntryPoint","urlTemplate":"https:\/\/institutdelafinancedurable.com\/en\/?s={search_term_string}"},"query-input":{"@type":"PropertyValueSpecification","valueRequired":true,"valueName":"search_term_string"}}],"inLanguage":"en-US"}]}},"_links":{"self":[{"href":"https:\/\/institutdelafinancedurable.com\/en\/wp-json\/wp\/v2\/pages\/4545","targetHints":{"allow":["GET"]}}],"collection":[{"href":"https:\/\/institutdelafinancedurable.com\/en\/wp-json\/wp\/v2\/pages"}],"about":[{"href":"https:\/\/institutdelafinancedurable.com\/en\/wp-json\/wp\/v2\/types\/page"}],"author":[{"embeddable":true,"href":"https:\/\/institutdelafinancedurable.com\/en\/wp-json\/wp\/v2\/users\/1"}],"replies":[{"embeddable":true,"href":"https:\/\/institutdelafinancedurable.com\/en\/wp-json\/wp\/v2\/comments?post=4545"}],"version-history":[{"count":0,"href":"https:\/\/institutdelafinancedurable.com\/en\/wp-json\/wp\/v2\/pages\/4545\/revisions"}],"up":[{"embeddable":true,"href":"https:\/\/institutdelafinancedurable.com\/en\/wp-json\/wp\/v2\/pages\/4543"}],"wp:attachment":[{"href":"https:\/\/institutdelafinancedurable.com\/en\/wp-json\/wp\/v2\/media?parent=4545"}],"curies":[{"name":"wp","href":"https:\/\/api.w.org\/{rel}","templated":true}]}}